{"id":949,"date":"2023-09-29T18:55:37","date_gmt":"2023-09-29T16:55:37","guid":{"rendered":"https:\/\/pioneers-wiki.com\/?page_id=949"},"modified":"2023-10-13T22:07:46","modified_gmt":"2023-10-13T20:07:46","slug":"das-pop-wiki","status":"publish","type":"page","link":"https:\/\/pioneers-wiki.com\/de_de\/das-pop-wiki\/","title":{"rendered":"Das PoP Wiki"},"content":{"rendered":"\t\t<div data-elementor-type=\"wp-page\" data-elementor-id=\"949\" class=\"elementor elementor-949\" data-elementor-post-type=\"page\">\n\t\t\t\t\t\t\t<div class=\"elementor-element elementor-element-ca1c996 e-flex e-con-boxed e-con e-parent\" data-id=\"ca1c996\" data-element_type=\"container\" data-settings=\"{&quot;jet_parallax_layout_list&quot;:[],&quot;shape_divider_top&quot;:&quot;waves&quot;,&quot;content_width&quot;:&quot;boxed&quot;}\" data-core-v316-plus=\"true\">\n\t\t\t\t\t<div class=\"e-con-inner\">\n\t\t\t\t<div class=\"elementor-shape elementor-shape-top\" data-negative=\"false\">\n\t\t\t<svg xmlns=\"http:\/\/www.w3.org\/2000\/svg\" viewBox=\"0 0 1000 100\" preserveAspectRatio=\"none\">\n\t<path class=\"elementor-shape-fill\" d=\"M421.9,6.5c22.6-2.5,51.5,0.4,75.5,5.3c23.6,4.9,70.9,23.5,100.5,35.7c75.8,32.2,133.7,44.5,192.6,49.7\n\tc23.6,2.1,48.7,3.5,103.4-2.5c54.7-6,106.2-25.6,106.2-25.6V0H0v30.3c0,0,72,32.6,158.4,30.5c39.2-0.7,92.8-6.7,134-22.4\n\tc21.2-8.1,52.2-18.2,79.7-24.2C399.3,7.9,411.6,7.5,421.9,6.5z\"\/>\n<\/svg>\t\t<\/div>\n\t\t\t\t<div class=\"elementor-element elementor-element-bab1d5a elementor-widget elementor-widget-image\" data-id=\"bab1d5a\" data-element_type=\"widget\" data-widget_type=\"image.default\">\n\t\t\t\t<div class=\"elementor-widget-container\">\n\t\t\t<style>\/*! elementor - v3.18.0 - 08-12-2023 *\/\n.elementor-widget-image{text-align:center}.elementor-widget-image a{display:inline-block}.elementor-widget-image a img[src$=\".svg\"]{width:48px}.elementor-widget-image img{vertical-align:middle;display:inline-block}<\/style>\t\t\t\t\t\t\t\t\t\t\t\t<img fetchpriority=\"high\" decoding=\"async\" width=\"768\" height=\"197\" src=\"https:\/\/pioneers-wiki.com\/wp-content\/uploads\/the_pioneers_wiki_logo_001-768x197.webp\" class=\"attachment-medium_large size-medium_large wp-image-680\" alt=\"The Pioneer&#039;s Wiki - Logo\" srcset=\"https:\/\/pioneers-wiki.com\/wp-content\/uploads\/the_pioneers_wiki_logo_001-768x197.webp 768w, https:\/\/pioneers-wiki.com\/wp-content\/uploads\/the_pioneers_wiki_logo_001-300x77.webp 300w, https:\/\/pioneers-wiki.com\/wp-content\/uploads\/the_pioneers_wiki_logo_001-1024x262.webp 1024w, https:\/\/pioneers-wiki.com\/wp-content\/uploads\/the_pioneers_wiki_logo_001-1536x393.webp 1536w, https:\/\/pioneers-wiki.com\/wp-content\/uploads\/the_pioneers_wiki_logo_001-2048x524.webp 2048w\" sizes=\"(max-width: 768px) 100vw, 768px\" \/>\t\t\t\t\t\t\t\t\t\t\t\t\t\t\t<\/div>\n\t\t\t\t<\/div>\n\t\t\t\t<div class=\"elementor-element elementor-element-1336244 animated-slow elementor-invisible elementor-widget elementor-widget-image\" data-id=\"1336244\" data-element_type=\"widget\" data-settings=\"{&quot;_animation&quot;:&quot;bounceInRight&quot;,&quot;_animation_delay&quot;:1000}\" data-widget_type=\"image.default\">\n\t\t\t\t<div class=\"elementor-widget-container\">\n\t\t\t\t\t\t\t\t\t\t\t\t\t\t\t<img decoding=\"async\" src=\"https:\/\/pioneers-wiki.com\/wp-content\/uploads\/elementor\/thumbs\/beta_001-qgxvyf9tmy91unimy2jyqmj0ef3vr1hdtc2hmkkkwm.webp\" title=\"beta_001\" alt=\"beta_001\" loading=\"lazy\" \/>\t\t\t\t\t\t\t\t\t\t\t\t\t\t\t<\/div>\n\t\t\t\t<\/div>\n\t\t\t\t\t<\/div>\n\t\t\t\t<\/div>\n\t\t<div class=\"elementor-element elementor-element-20e712a e-flex e-con-boxed e-con e-parent\" data-id=\"20e712a\" data-element_type=\"container\" data-settings=\"{&quot;jet_parallax_layout_list&quot;:[],&quot;content_width&quot;:&quot;boxed&quot;}\" data-core-v316-plus=\"true\">\n\t\t\t\t\t<div class=\"e-con-inner\">\n\t\t<div class=\"elementor-element elementor-element-1cceedc e-con-full e-flex e-con e-child\" data-id=\"1cceedc\" data-element_type=\"container\" data-settings=\"{&quot;content_width&quot;:&quot;full&quot;,&quot;jet_parallax_layout_list&quot;:[]}\">\n\t\t\t\t<div class=\"elementor-element elementor-element-9841ea9 elementor-widget elementor-widget-text-editor\" data-id=\"9841ea9\" data-element_type=\"widget\" data-widget_type=\"text-editor.default\">\n\t\t\t\t<div class=\"elementor-widget-container\">\n\t\t\t<style>\/*! elementor - v3.18.0 - 08-12-2023 *\/\n.elementor-widget-text-editor.elementor-drop-cap-view-stacked .elementor-drop-cap{background-color:#69727d;color:#fff}.elementor-widget-text-editor.elementor-drop-cap-view-framed .elementor-drop-cap{color:#69727d;border:3px solid;background-color:transparent}.elementor-widget-text-editor:not(.elementor-drop-cap-view-default) .elementor-drop-cap{margin-top:8px}.elementor-widget-text-editor:not(.elementor-drop-cap-view-default) .elementor-drop-cap-letter{width:1em;height:1em}.elementor-widget-text-editor .elementor-drop-cap{float:left;text-align:center;line-height:1;font-size:50px}.elementor-widget-text-editor .elementor-drop-cap-letter{display:inline-block}<\/style>\t\t\t\t<p>Das PoP Wiki ist ein unabh\u00e4ngiges Projekt, dass in enger Kooperation mit <a href=\"https:\/\/www.envision-entertainment.de\" target=\"_blank\" rel=\"noopener\">Envision Entertainment<\/a> eine informative und umfassende Datenbank f\u00fcr das Spiel <a href=\"https:\/\/www.pioneersofpagonia.com\" target=\"_blank\" rel=\"noopener\">&#8222;Pioneers of Pagonia&#8220;<\/a> zur Verf\u00fcgung stellt.<\/p><p>Wir bedanken uns herzlich bei Envision und im Besonderen bei den Mitarbeitern, die uns immer freundlich und tatkr\u00e4ftig unterst\u00fctzen, um dieses Projekt erst m\u00f6glich zu machen.<\/p><p>Ohne diese Hilfe w\u00e4re ein Fanprojekt in dieser Form nicht realisierbar.<\/p>\t\t\t\t\t\t<\/div>\n\t\t\t\t<\/div>\n\t\t\t\t<\/div>\n\t\t<div class=\"elementor-element elementor-element-2a3c5bb e-con-full e-flex e-con e-child\" data-id=\"2a3c5bb\" data-element_type=\"container\" data-settings=\"{&quot;content_width&quot;:&quot;full&quot;,&quot;jet_parallax_layout_list&quot;:[]}\">\n\t\t\t\t<div class=\"elementor-element elementor-element-5910be2 elementor-widget elementor-widget-text-editor\" data-id=\"5910be2\" data-element_type=\"widget\" data-widget_type=\"text-editor.default\">\n\t\t\t\t<div class=\"elementor-widget-container\">\n\t\t\t\t\t\t\t<p>Mit Unterst\u00fczung von:<\/p>\t\t\t\t\t\t<\/div>\n\t\t\t\t<\/div>\n\t\t\t\t<div class=\"elementor-element elementor-element-89e2905 elementor-widget elementor-widget-image\" data-id=\"89e2905\" data-element_type=\"widget\" data-widget_type=\"image.default\">\n\t\t\t\t<div class=\"elementor-widget-container\">\n\t\t\t\t\t\t\t\t\t\t\t\t\t\t\t<img decoding=\"async\" width=\"300\" height=\"117\" src=\"https:\/\/pioneers-wiki.com\/wp-content\/uploads\/2023\/09\/envision-logo_simple_white_reduced-300x117.webp\" class=\"attachment-medium size-medium wp-image-39\" alt=\"Logo der Indie-Spieleschmiede Envition Entertainment.\" srcset=\"https:\/\/pioneers-wiki.com\/wp-content\/uploads\/2023\/09\/envision-logo_simple_white_reduced-300x117.webp 300w, https:\/\/pioneers-wiki.com\/wp-content\/uploads\/2023\/09\/envision-logo_simple_white_reduced-1024x398.webp 1024w, https:\/\/pioneers-wiki.com\/wp-content\/uploads\/2023\/09\/envision-logo_simple_white_reduced-768x299.webp 768w, https:\/\/pioneers-wiki.com\/wp-content\/uploads\/2023\/09\/envision-logo_simple_white_reduced-1536x597.webp 1536w, https:\/\/pioneers-wiki.com\/wp-content\/uploads\/2023\/09\/envision-logo_simple_white_reduced-2048x796.webp 2048w\" sizes=\"(max-width: 300px) 100vw, 300px\" \/>\t\t\t\t\t\t\t\t\t\t\t\t\t\t\t<\/div>\n\t\t\t\t<\/div>\n\t\t\t\t<\/div>\n\t\t<div class=\"elementor-element elementor-element-c84c613 e-con-full e-flex e-con e-child\" data-id=\"c84c613\" data-element_type=\"container\" data-settings=\"{&quot;content_width&quot;:&quot;full&quot;,&quot;jet_parallax_layout_list&quot;:[]}\">\n\t\t\t\t<div class=\"elementor-element elementor-element-edf133b elementor-widget elementor-widget-image\" data-id=\"edf133b\" data-element_type=\"widget\" data-widget_type=\"image.default\">\n\t\t\t\t<div class=\"elementor-widget-container\">\n\t\t\t\t\t\t\t\t\t\t\t\t\t\t\t<img decoding=\"async\" width=\"300\" height=\"180\" src=\"https:\/\/pioneers-wiki.com\/wp-content\/uploads\/bubbles_merchant_trade_envision_de-1-300x180.webp\" class=\"attachment-medium size-medium wp-image-2245\" alt=\"\" srcset=\"https:\/\/pioneers-wiki.com\/wp-content\/uploads\/bubbles_merchant_trade_envision_de-1-300x180.webp 300w, https:\/\/pioneers-wiki.com\/wp-content\/uploads\/bubbles_merchant_trade_envision_de-1-768x461.webp 768w, https:\/\/pioneers-wiki.com\/wp-content\/uploads\/bubbles_merchant_trade_envision_de-1-18x12.webp 18w, https:\/\/pioneers-wiki.com\/wp-content\/uploads\/bubbles_merchant_trade_envision_de-1.webp 897w\" sizes=\"(max-width: 300px) 100vw, 300px\" \/>\t\t\t\t\t\t\t\t\t\t\t\t\t\t\t<\/div>\n\t\t\t\t<\/div>\n\t\t\t\t<\/div>\n\t\t<div class=\"elementor-element elementor-element-3e34ec8 e-con-full e-flex e-con e-child\" data-id=\"3e34ec8\" data-element_type=\"container\" data-settings=\"{&quot;content_width&quot;:&quot;full&quot;,&quot;jet_parallax_layout_list&quot;:[]}\">\n\t\t\t\t<div class=\"elementor-element elementor-element-74ecf0e elementor-widget elementor-widget-text-editor\" data-id=\"74ecf0e\" data-element_type=\"widget\" data-widget_type=\"text-editor.default\">\n\t\t\t\t<div class=\"elementor-widget-container\">\n\t\t\t\t\t\t\t<p>Mit dem fr\u00fchen Start der \u00f6ffentlichen Demoversion, mussten wir das Projekt leider in einer BETA-Version und noch mit sehr geringen Content online bringen. Aber wir werden diese Seiten nach und nach f\u00fcllen.<\/p><p>Nicht nur einfach mit Wiki-Content, sondern wir arbeiten auch an einer f\u00fcr den User interaktiven Suchfunktion, welche es Euch erm\u00f6glichen soll schnell und \u00fcbersichtlich an gute Ergebnisse zu kommen.<\/p><p>Alleine die Einteilung in entsprechende Kategorien hat hier schon viel Zeit in Anspruch genommen und w\u00e4hrend wir die Wiki-Programmierung vorantreiben, werden wir schon die ein oder anderen Einzeleintr\u00e4ge vornehmen und online stellen.<\/p>\t\t\t\t\t\t<\/div>\n\t\t\t\t<\/div>\n\t\t\t\t<\/div>\n\t\t\t\t\t<\/div>\n\t\t\t\t<\/div>\n\t\t<div class=\"elementor-element elementor-element-5009862 e-flex e-con-boxed e-con e-parent\" data-id=\"5009862\" data-element_type=\"container\" data-settings=\"{&quot;jet_parallax_layout_list&quot;:[],&quot;content_width&quot;:&quot;boxed&quot;}\" data-core-v316-plus=\"true\">\n\t\t\t\t\t<div class=\"e-con-inner\">\n\t\t<div class=\"elementor-element elementor-element-5811745 e-con-full e-flex e-con e-child\" data-id=\"5811745\" data-element_type=\"container\" data-settings=\"{&quot;content_width&quot;:&quot;full&quot;,&quot;jet_parallax_layout_list&quot;:[]}\">\n\t\t\t\t<div class=\"elementor-element elementor-element-42666bc elementor-widget elementor-widget-text-editor\" data-id=\"42666bc\" data-element_type=\"widget\" data-widget_type=\"text-editor.default\">\n\t\t\t\t<div class=\"elementor-widget-container\">\n\t\t\t\t\t\t\t<p>Auch das Design musste zu Gunsten des Releasetermins der Demo noch einige D\u00e4mpfer hinnehmen.<\/p><p>Aber &#8230;..<\/p><p>&#8230; &#8222;Hey Ruhe da dr\u00fcben.&#8220;<\/p><p>Aber wir werden auch das weiter optimieren.<br \/>In der Hoffnung, dass ein Besuch bei &#8222;The Pioneer&#8217;s Wiki&#8220; nicht nur gute Informationen liefert, sondern ihr Euch hier auch\u00a0 wohl f\u00fchlt.<\/p>\t\t\t\t\t\t<\/div>\n\t\t\t\t<\/div>\n\t\t\t\t<\/div>\n\t\t<div class=\"elementor-element elementor-element-368402b e-con-full e-flex e-con e-child\" data-id=\"368402b\" data-element_type=\"container\" data-settings=\"{&quot;content_width&quot;:&quot;full&quot;,&quot;jet_parallax_layout_list&quot;:[]}\">\n\t\t\t\t<div class=\"elementor-element elementor-element-0e720f3 elementor-widget elementor-widget-image\" data-id=\"0e720f3\" data-element_type=\"widget\" data-widget_type=\"image.default\">\n\t\t\t\t<div class=\"elementor-widget-container\">\n\t\t\t\t\t\t\t\t\t\t\t\t\t\t\t<img loading=\"lazy\" decoding=\"async\" width=\"300\" height=\"180\" src=\"https:\/\/pioneers-wiki.com\/wp-content\/uploads\/bubbles_explorer_design_desaster_de-1-300x180.webp\" class=\"attachment-medium size-medium wp-image-2248\" alt=\"\" srcset=\"https:\/\/pioneers-wiki.com\/wp-content\/uploads\/bubbles_explorer_design_desaster_de-1-300x180.webp 300w, https:\/\/pioneers-wiki.com\/wp-content\/uploads\/bubbles_explorer_design_desaster_de-1-768x461.webp 768w, https:\/\/pioneers-wiki.com\/wp-content\/uploads\/bubbles_explorer_design_desaster_de-1-18x12.webp 18w, https:\/\/pioneers-wiki.com\/wp-content\/uploads\/bubbles_explorer_design_desaster_de-1.webp 897w\" sizes=\"(max-width: 300px) 100vw, 300px\" \/>\t\t\t\t\t\t\t\t\t\t\t\t\t\t\t<\/div>\n\t\t\t\t<\/div>\n\t\t\t\t<\/div>\n\t\t<div class=\"elementor-element elementor-element-56eab99 e-con-full e-flex e-con e-child\" data-id=\"56eab99\" data-element_type=\"container\" data-settings=\"{&quot;content_width&quot;:&quot;full&quot;,&quot;jet_parallax_layout_list&quot;:[]}\">\n\t\t\t\t<div class=\"elementor-element elementor-element-54acf09 elementor-widget elementor-widget-image\" data-id=\"54acf09\" data-element_type=\"widget\" data-widget_type=\"image.default\">\n\t\t\t\t<div class=\"elementor-widget-container\">\n\t\t\t\t\t\t\t\t\t\t\t\t\t\t\t<img loading=\"lazy\" decoding=\"async\" width=\"800\" height=\"480\" src=\"https:\/\/pioneers-wiki.com\/wp-content\/uploads\/fahne_de_us_001.webp\" class=\"attachment-large size-large wp-image-969\" alt=\"Bild von deutscher und US-Flagge\" srcset=\"https:\/\/pioneers-wiki.com\/wp-content\/uploads\/fahne_de_us_001.webp 897w, https:\/\/pioneers-wiki.com\/wp-content\/uploads\/fahne_de_us_001-300x180.webp 300w, https:\/\/pioneers-wiki.com\/wp-content\/uploads\/fahne_de_us_001-768x461.webp 768w\" sizes=\"(max-width: 800px) 100vw, 800px\" \/>\t\t\t\t\t\t\t\t\t\t\t\t\t\t\t<\/div>\n\t\t\t\t<\/div>\n\t\t\t\t<\/div>\n\t\t<div class=\"elementor-element elementor-element-d06cbe3 e-con-full e-flex e-con e-child\" data-id=\"d06cbe3\" data-element_type=\"container\" data-settings=\"{&quot;content_width&quot;:&quot;full&quot;,&quot;jet_parallax_layout_list&quot;:[]}\">\n\t\t\t\t<div class=\"elementor-element elementor-element-d5b78f8 elementor-widget elementor-widget-text-editor\" data-id=\"d5b78f8\" data-element_type=\"widget\" data-widget_type=\"text-editor.default\">\n\t\t\t\t<div class=\"elementor-widget-container\">\n\t\t\t\t\t\t\t<p>Immerhin wird das Wiki vom Start weg zweisprachig entwickelt (deutsch und englisch) und wenn sich irgendwann die n\u00f6tigen Ressourcen ergeben, kommen m\u00f6glicherweise noch weitere Sprachen hinzu.<\/p><p>Die Handyoptimierung wird jedoch noch etwas Zeit ben\u00f6tigen, da wir unser Augenmerk in erster Linie auf die Funktionalit\u00e4t des Wiki in sich und den Inhalt legen. Aber auch dieses Thema gehen wir an &#8230; versprochen.<\/p><p>Also bitten wir um etwas Geduld<\/p><p>Euer PoP Wiki Team<\/p>\t\t\t\t\t\t<\/div>\n\t\t\t\t<\/div>\n\t\t\t\t<\/div>\n\t\t\t\t\t<\/div>\n\t\t\t\t<\/div>\n\t\t\t\t\t\t\t<\/div>\n\t\t","protected":false},"excerpt":{"rendered":"<p>Das PoP Wiki ist ein unabh\u00e4ngiges Projekt, dass in enger Kooperation mit Envision Entertainment eine informative und umfassende Datenbank f\u00fcr das Spiel &#8222;Pioneers of Pagonia&#8220; zur Verf\u00fcgung stellt. Wir bedanken uns herzlich bei Envision und im Besonderen bei den Mitarbeitern, die uns immer freundlich und tatkr\u00e4ftig unterst\u00fctzen, um dieses Projekt erst m\u00f6glich zu machen. Ohne [&hellip;]<\/p>\n","protected":false},"author":1,"featured_media":0,"parent":0,"menu_order":1,"comment_status":"closed","ping_status":"closed","template":"","meta":{"footnotes":""},"yoast_head":"<!-- This site is optimized with the Yoast SEO plugin v21.7 - https:\/\/yoast.com\/wordpress\/plugins\/seo\/ -->\n<title>Das PoP Wiki - The Pioneer&#039;s Wiki<\/title>\n<meta name=\"robots\" content=\"index, follow, max-snippet:-1, max-image-preview:large, max-video-preview:-1\" \/>\n<link rel=\"canonical\" href=\"https:\/\/pioneers-wiki.com\/de_de\/das-pop-wiki\/\" \/>\n<meta property=\"og:locale\" content=\"de_DE\" \/>\n<meta property=\"og:type\" content=\"article\" \/>\n<meta property=\"og:title\" content=\"Das PoP Wiki - The Pioneer&#039;s Wiki\" \/>\n<meta property=\"og:description\" content=\"Das PoP Wiki ist ein unabh\u00e4ngiges Projekt, dass in enger Kooperation mit Envision Entertainment eine informative und umfassende Datenbank f\u00fcr das Spiel &#8222;Pioneers of Pagonia&#8220; zur Verf\u00fcgung stellt. Wir bedanken uns herzlich bei Envision und im Besonderen bei den Mitarbeitern, die uns immer freundlich und tatkr\u00e4ftig unterst\u00fctzen, um dieses Projekt erst m\u00f6glich zu machen. Ohne [&hellip;]\" \/>\n<meta property=\"og:url\" content=\"https:\/\/pioneers-wiki.com\/de_de\/das-pop-wiki\/\" \/>\n<meta property=\"og:site_name\" content=\"The Pioneer&#039;s Wiki\" \/>\n<meta property=\"article:modified_time\" content=\"2023-10-13T20:07:46+00:00\" \/>\n<meta property=\"og:image\" content=\"https:\/\/pioneers-wiki.com\/wp-content\/uploads\/the_pioneers_wiki_logo_001-768x197.webp\" \/>\n<meta name=\"twitter:card\" content=\"summary_large_image\" \/>\n<meta name=\"twitter:label1\" content=\"Gesch\u00e4tzte Lesezeit\" \/>\n\t<meta name=\"twitter:data1\" content=\"3\u00a0Minuten\" \/>\n<script type=\"application\/ld+json\" class=\"yoast-schema-graph\">{\"@context\":\"https:\/\/schema.org\",\"@graph\":[{\"@type\":\"WebPage\",\"@id\":\"https:\/\/pioneers-wiki.com\/das-pop-wiki\/\",\"url\":\"https:\/\/pioneers-wiki.com\/das-pop-wiki\/\",\"name\":\"Das PoP Wiki - The Pioneer&#039;s Wiki\",\"isPartOf\":{\"@id\":\"https:\/\/pioneers-wiki.com\/#website\"},\"datePublished\":\"2023-09-29T16:55:37+00:00\",\"dateModified\":\"2023-10-13T20:07:46+00:00\",\"breadcrumb\":{\"@id\":\"https:\/\/pioneers-wiki.com\/das-pop-wiki\/#breadcrumb\"},\"inLanguage\":\"de\",\"potentialAction\":[{\"@type\":\"ReadAction\",\"target\":[\"https:\/\/pioneers-wiki.com\/das-pop-wiki\/\"]}]},{\"@type\":\"BreadcrumbList\",\"@id\":\"https:\/\/pioneers-wiki.com\/das-pop-wiki\/#breadcrumb\",\"itemListElement\":[{\"@type\":\"ListItem\",\"position\":1,\"name\":\"Startseite\",\"item\":\"https:\/\/pioneers-wiki.com\/\"},{\"@type\":\"ListItem\",\"position\":2,\"name\":\"Das PoP Wiki\"}]},{\"@type\":\"WebSite\",\"@id\":\"https:\/\/pioneers-wiki.com\/#website\",\"url\":\"https:\/\/pioneers-wiki.com\/\",\"name\":\"The Pioneer&#039;s Wiki\",\"description\":\"The Wiki for all Pioneers of Pagonia\",\"publisher\":{\"@id\":\"https:\/\/pioneers-wiki.com\/#organization\"},\"potentialAction\":[{\"@type\":\"SearchAction\",\"target\":{\"@type\":\"EntryPoint\",\"urlTemplate\":\"https:\/\/pioneers-wiki.com\/?s={search_term_string}\"},\"query-input\":\"required name=search_term_string\"}],\"inLanguage\":\"de\"},{\"@type\":\"Organization\",\"@id\":\"https:\/\/pioneers-wiki.com\/#organization\",\"name\":\"The Pioneer&#039;s Wiki\",\"url\":\"https:\/\/pioneers-wiki.com\/\",\"logo\":{\"@type\":\"ImageObject\",\"inLanguage\":\"de\",\"@id\":\"https:\/\/pioneers-wiki.com\/#\/schema\/logo\/image\/\",\"url\":\"https:\/\/pioneers-wiki.com\/wp-content\/uploads\/2023\/09\/the_pioneers_wiki_logo_001-scaled.webp\",\"contentUrl\":\"https:\/\/pioneers-wiki.com\/wp-content\/uploads\/2023\/09\/the_pioneers_wiki_logo_001-scaled.webp\",\"width\":2560,\"height\":655,\"caption\":\"The Pioneer&#039;s Wiki\"},\"image\":{\"@id\":\"https:\/\/pioneers-wiki.com\/#\/schema\/logo\/image\/\"}}]}<\/script>\n<!-- \/ Yoast SEO plugin. -->","yoast_head_json":{"title":"Das PoP Wiki - The Pioneer&#039;s Wiki","robots":{"index":"index","follow":"follow","max-snippet":"max-snippet:-1","max-image-preview":"max-image-preview:large","max-video-preview":"max-video-preview:-1"},"canonical":"https:\/\/pioneers-wiki.com\/de_de\/das-pop-wiki\/","og_locale":"de_DE","og_type":"article","og_title":"Das PoP Wiki - The Pioneer&#039;s Wiki","og_description":"Das PoP Wiki ist ein unabh\u00e4ngiges Projekt, dass in enger Kooperation mit Envision Entertainment eine informative und umfassende Datenbank f\u00fcr das Spiel &#8222;Pioneers of Pagonia&#8220; zur Verf\u00fcgung stellt. Wir bedanken uns herzlich bei Envision und im Besonderen bei den Mitarbeitern, die uns immer freundlich und tatkr\u00e4ftig unterst\u00fctzen, um dieses Projekt erst m\u00f6glich zu machen. Ohne [&hellip;]","og_url":"https:\/\/pioneers-wiki.com\/de_de\/das-pop-wiki\/","og_site_name":"The Pioneer&#039;s Wiki","article_modified_time":"2023-10-13T20:07:46+00:00","og_image":[{"url":"https:\/\/pioneers-wiki.com\/wp-content\/uploads\/the_pioneers_wiki_logo_001-768x197.webp"}],"twitter_card":"summary_large_image","twitter_misc":{"Gesch\u00e4tzte Lesezeit":"3\u00a0Minuten"},"schema":{"@context":"https:\/\/schema.org","@graph":[{"@type":"WebPage","@id":"https:\/\/pioneers-wiki.com\/das-pop-wiki\/","url":"https:\/\/pioneers-wiki.com\/das-pop-wiki\/","name":"Das PoP Wiki - The Pioneer&#039;s Wiki","isPartOf":{"@id":"https:\/\/pioneers-wiki.com\/#website"},"datePublished":"2023-09-29T16:55:37+00:00","dateModified":"2023-10-13T20:07:46+00:00","breadcrumb":{"@id":"https:\/\/pioneers-wiki.com\/das-pop-wiki\/#breadcrumb"},"inLanguage":"de","potentialAction":[{"@type":"ReadAction","target":["https:\/\/pioneers-wiki.com\/das-pop-wiki\/"]}]},{"@type":"BreadcrumbList","@id":"https:\/\/pioneers-wiki.com\/das-pop-wiki\/#breadcrumb","itemListElement":[{"@type":"ListItem","position":1,"name":"Startseite","item":"https:\/\/pioneers-wiki.com\/"},{"@type":"ListItem","position":2,"name":"Das PoP Wiki"}]},{"@type":"WebSite","@id":"https:\/\/pioneers-wiki.com\/#website","url":"https:\/\/pioneers-wiki.com\/","name":"The Pioneer&#039;s Wiki","description":"The Wiki for all Pioneers of Pagonia","publisher":{"@id":"https:\/\/pioneers-wiki.com\/#organization"},"potentialAction":[{"@type":"SearchAction","target":{"@type":"EntryPoint","urlTemplate":"https:\/\/pioneers-wiki.com\/?s={search_term_string}"},"query-input":"required name=search_term_string"}],"inLanguage":"de"},{"@type":"Organization","@id":"https:\/\/pioneers-wiki.com\/#organization","name":"The Pioneer&#039;s Wiki","url":"https:\/\/pioneers-wiki.com\/","logo":{"@type":"ImageObject","inLanguage":"de","@id":"https:\/\/pioneers-wiki.com\/#\/schema\/logo\/image\/","url":"https:\/\/pioneers-wiki.com\/wp-content\/uploads\/2023\/09\/the_pioneers_wiki_logo_001-scaled.webp","contentUrl":"https:\/\/pioneers-wiki.com\/wp-content\/uploads\/2023\/09\/the_pioneers_wiki_logo_001-scaled.webp","width":2560,"height":655,"caption":"The Pioneer&#039;s Wiki"},"image":{"@id":"https:\/\/pioneers-wiki.com\/#\/schema\/logo\/image\/"}}]}},"_links":{"self":[{"href":"https:\/\/pioneers-wiki.com\/de_de\/wp-json\/wp\/v2\/pages\/949"}],"collection":[{"href":"https:\/\/pioneers-wiki.com\/de_de\/wp-json\/wp\/v2\/pages"}],"about":[{"href":"https:\/\/pioneers-wiki.com\/de_de\/wp-json\/wp\/v2\/types\/page"}],"author":[{"embeddable":true,"href":"https:\/\/pioneers-wiki.com\/de_de\/wp-json\/wp\/v2\/users\/1"}],"replies":[{"embeddable":true,"href":"https:\/\/pioneers-wiki.com\/de_de\/wp-json\/wp\/v2\/comments?post=949"}],"version-history":[{"count":51,"href":"https:\/\/pioneers-wiki.com\/de_de\/wp-json\/wp\/v2\/pages\/949\/revisions"}],"predecessor-version":[{"id":2251,"href":"https:\/\/pioneers-wiki.com\/de_de\/wp-json\/wp\/v2\/pages\/949\/revisions\/2251"}],"wp:attachment":[{"href":"https:\/\/pioneers-wiki.com\/de_de\/wp-json\/wp\/v2\/media?parent=949"}],"curies":[{"name":"wp","href":"https:\/\/api.w.org\/{rel}","templated":true}]}}