{"id":1015,"date":"2023-09-30T07:56:19","date_gmt":"2023-09-30T05:56:19","guid":{"rendered":"https:\/\/pioneers-wiki.com\/?page_id=1015"},"modified":"2023-10-04T00:04:23","modified_gmt":"2023-10-03T22:04:23","slug":"impressum","status":"publish","type":"page","link":"https:\/\/pioneers-wiki.com\/en\/impressum\/","title":{"rendered":"Imprint"},"content":{"rendered":"<div data-elementor-type=\"wp-page\" data-elementor-id=\"1015\" class=\"elementor elementor-1015\" data-elementor-post-type=\"page\">\n\t\t\t\t\t\t\t<div class=\"elementor-element elementor-element-c54a94f e-flex e-con-boxed e-con e-parent\" data-id=\"c54a94f\" data-element_type=\"container\" data-settings=\"{&quot;jet_parallax_layout_list&quot;:[],&quot;shape_divider_top&quot;:&quot;waves&quot;,&quot;content_width&quot;:&quot;boxed&quot;}\" data-core-v316-plus=\"true\">\n\t\t\t\t\t<div class=\"e-con-inner\">\n\t\t\t\t<div class=\"elementor-shape elementor-shape-top\" data-negative=\"false\">\n\t\t\t<svg xmlns=\"http:\/\/www.w3.org\/2000\/svg\" viewbox=\"0 0 1000 100\" preserveaspectratio=\"none\">\n\t<path class=\"elementor-shape-fill\" d=\"M421.9,6.5c22.6-2.5,51.5,0.4,75.5,5.3c23.6,4.9,70.9,23.5,100.5,35.7c75.8,32.2,133.7,44.5,192.6,49.7\tc23.6,2.1,48.7,3.5,103.4-2.5c54.7-6,106.2-25.6,106.2-25.6V0H0v30.3c0,0,72,32.6,158.4,30.5c39.2-0.7,92.8-6.7,134-22.4\tc21.2-8.1,52.2-18.2,79.7-24.2C399.3,7.9,411.6,7.5,421.9,6.5z\"\/>\n<\/svg>\t\t<\/div>\n\t\t<div class=\"elementor-element elementor-element-771d5cc e-con-full e-flex e-con e-child\" data-id=\"771d5cc\" data-element_type=\"container\" data-settings=\"{&quot;content_width&quot;:&quot;full&quot;,&quot;jet_parallax_layout_list&quot;:[]}\">\n\t\t\t\t<div class=\"elementor-element elementor-element-c231f78 elementor-widget elementor-widget-heading\" data-id=\"c231f78\" data-element_type=\"widget\" data-widget_type=\"heading.default\">\n\t\t\t\t<div class=\"elementor-widget-container\">\n\t\t\t<style>\/*! elementor - v3.18.0 - 08-12-2023 *\/\n.elementor-heading-title{padding:0;margin:0;line-height:1}.elementor-widget-heading .elementor-heading-title[class*=elementor-size-]>a{color:inherit;font-size:inherit;line-height:inherit}.elementor-widget-heading .elementor-heading-title.elementor-size-small{font-size:15px}.elementor-widget-heading .elementor-heading-title.elementor-size-medium{font-size:19px}.elementor-widget-heading .elementor-heading-title.elementor-size-large{font-size:29px}.elementor-widget-heading .elementor-heading-title.elementor-size-xl{font-size:39px}.elementor-widget-heading .elementor-heading-title.elementor-size-xxl{font-size:59px}<\/style><h1 class=\"elementor-heading-title elementor-size-default\">Imprint<\/h1>\t\t<\/div>\n\t\t\t\t<\/div>\n\t\t\t\t<div class=\"elementor-element elementor-element-894769f elementor-widget elementor-widget-text-editor\" data-id=\"894769f\" data-element_type=\"widget\" data-widget_type=\"text-editor.default\">\n\t\t\t\t<div class=\"elementor-widget-container\">\n\t\t\t<style>\/*! elementor - v3.18.0 - 08-12-2023 *\/\n.elementor-widget-text-editor.elementor-drop-cap-view-stacked .elementor-drop-cap{background-color:#69727d;color:#fff}.elementor-widget-text-editor.elementor-drop-cap-view-framed .elementor-drop-cap{color:#69727d;border:3px solid;background-color:transparent}.elementor-widget-text-editor:not(.elementor-drop-cap-view-default) .elementor-drop-cap{margin-top:8px}.elementor-widget-text-editor:not(.elementor-drop-cap-view-default) .elementor-drop-cap-letter{width:1em;height:1em}.elementor-widget-text-editor .elementor-drop-cap{float:left;text-align:center;line-height:1;font-size:50px}.elementor-widget-text-editor .elementor-drop-cap-letter{display:inline-block}<\/style>\t\t\t\t<h5>Information according to \u00a75 TMG<\/h5><div><p>Anna Heiland<br \/>Untergr\u00fcnberg 12<br \/>83730 Fischbachau<\/p><h6>Contact options<\/h6><p>Phone: in progress<br \/>Fax: not available<br \/>E\u2013mail: thepiwi-team[at]gmx.de<br \/>Contact form: <a href=\"https:\/\/pioneers-wiki.com\/en\/service\/kontakt\/\">Contact<\/a><\/p><h6>Editorially responsible<\/h6><p>Anna Heiland<br \/>(address and contact see above)<\/p><p>Online presence<\/p><p>This imprint applies to the following online presences<br \/><a href=\"https:\/\/www.facebook.com\/dietroode\">https:\/\/www.facebook.com\/dietroode<\/a><br \/><a href=\"https:\/\/www.facebook.com\/pioneerswiki\">https:\/\/www.facebook.com\/pioneerswiki<\/a><\/p><h6>Liability and protective rights<\/h6><p>All displayed content such as texts, photographs, graphics, videos, sound recordings as well as brands and trademarks on this website are protected by the respective copyright and trademark law. Any use and reproduction is subject to our rights or those of the respective rights holders.<\/p><h6>Image source<\/h6><ul><li>Envision Entertainment GmbH<\/li><li>Eigene Inhalte<\/li><li>Pixabay<\/li><\/ul><h6>Audiovisual media<\/h6><p>Headquarters: Germany<br \/>Competent supervisory authority: Bavarian Regulatory Authority for Commercial Broadcasting (BLM)<\/p><p>Web: <a href=\"https:\/\/www.blm.de\/\">https:\/\/www.blm.de\/<\/a><\/p><h6>Links to external websites<\/h6><p>We offer direct and indirect links to third party websites for extended information. These are outside our area of responsibility, which we do not adopt as our own.<\/p><p>Even if these links and their contents were checked for correctness by us at the time of creation, we do not assume any responsibility for all contents and disadvantages arising from the use of the linked website contents.<\/p><h6>Information on violations of the law<\/h6><p>If you notice any violations of the law while using our website, please inform us.<br \/>Illegal contents and links will be changed or removed by us immediately after knowledge.<\/p><\/div>\t\t\t\t\t\t<\/div>\n\t\t\t\t<\/div>\n\t\t\t\t<\/div>\n\t\t\t\t\t<\/div>\n\t\t\t\t<\/div>\n\t\t\t\t\t\t\t<\/div>","protected":false},"excerpt":{"rendered":"<p>Impressum Angaben gem\u00e4\u00df \u00a75 TMG Anna HeilandUntergr\u00fcnberg 1283730 Fischbachau Kontaktm\u00f6glichkeiten Telefon: in ArbeitTelefax: nicht vorhandenE&#8211;Mail: thepiwi-team[at]gmx.deKontaktformular: Kontakt Redaktionell verantwortlich Anna Heiland(Anschrift und Kontakt siehe oben) Onlinepr\u00e4senz Dieses Impressum gilt f\u00fcr folgende Onlinepr\u00e4senzenhttps:\/\/www.facebook.com\/dietroodehttps:\/\/www.facebook.com\/pioneerswiki Haftungs- Schutzrechthinweise Alle dargestellten Inhalte wie Texte, Fotografien, Grafiken, Videos, Tonaufnahmen sowie Marken und Warenzeichen auf dieser Webseite sind durch das jeweilige Urheber- [&hellip;]<\/p>","protected":false},"author":1,"featured_media":0,"parent":0,"menu_order":501,"comment_status":"closed","ping_status":"closed","template":"","meta":{"footnotes":""},"yoast_head":"<!-- This site is optimized with the Yoast SEO plugin v21.7 - https:\/\/yoast.com\/wordpress\/plugins\/seo\/ -->\n<title>Impressum - The Pioneer&#039;s Wiki<\/title>\n<meta name=\"robots\" content=\"index, follow, max-snippet:-1, max-image-preview:large, max-video-preview:-1\" \/>\n<link rel=\"canonical\" href=\"https:\/\/pioneers-wiki.com\/en\/impressum\/\" \/>\n<meta property=\"og:locale\" content=\"en_US\" \/>\n<meta property=\"og:type\" content=\"article\" \/>\n<meta property=\"og:title\" content=\"Impressum - The Pioneer&#039;s Wiki\" \/>\n<meta property=\"og:description\" content=\"Impressum Angaben gem\u00e4\u00df \u00a75 TMG Anna HeilandUntergr\u00fcnberg 1283730 Fischbachau Kontaktm\u00f6glichkeiten Telefon: in ArbeitTelefax: nicht vorhandenE&#8211;Mail: thepiwi-team[at]gmx.deKontaktformular: Kontakt Redaktionell verantwortlich Anna Heiland(Anschrift und Kontakt siehe oben) Onlinepr\u00e4senz Dieses Impressum gilt f\u00fcr folgende Onlinepr\u00e4senzenhttps:\/\/www.facebook.com\/dietroodehttps:\/\/www.facebook.com\/pioneerswiki Haftungs- Schutzrechthinweise Alle dargestellten Inhalte wie Texte, Fotografien, Grafiken, Videos, Tonaufnahmen sowie Marken und Warenzeichen auf dieser Webseite sind durch das jeweilige Urheber- [&hellip;]\" \/>\n<meta property=\"og:url\" content=\"https:\/\/pioneers-wiki.com\/en\/impressum\/\" \/>\n<meta property=\"og:site_name\" content=\"The Pioneer&#039;s Wiki\" \/>\n<meta property=\"article:modified_time\" content=\"2023-10-03T22:04:23+00:00\" \/>\n<meta name=\"twitter:card\" content=\"summary_large_image\" \/>\n<meta name=\"twitter:label1\" content=\"Est. reading time\" \/>\n\t<meta name=\"twitter:data1\" content=\"2 minutes\" \/>\n<script type=\"application\/ld+json\" class=\"yoast-schema-graph\">{\"@context\":\"https:\/\/schema.org\",\"@graph\":[{\"@type\":\"WebPage\",\"@id\":\"https:\/\/pioneers-wiki.com\/impressum\/\",\"url\":\"https:\/\/pioneers-wiki.com\/impressum\/\",\"name\":\"Impressum - The Pioneer&#039;s Wiki\",\"isPartOf\":{\"@id\":\"https:\/\/pioneers-wiki.com\/#website\"},\"datePublished\":\"2023-09-30T05:56:19+00:00\",\"dateModified\":\"2023-10-03T22:04:23+00:00\",\"breadcrumb\":{\"@id\":\"https:\/\/pioneers-wiki.com\/impressum\/#breadcrumb\"},\"inLanguage\":\"en-US\",\"potentialAction\":[{\"@type\":\"ReadAction\",\"target\":[\"https:\/\/pioneers-wiki.com\/impressum\/\"]}]},{\"@type\":\"BreadcrumbList\",\"@id\":\"https:\/\/pioneers-wiki.com\/impressum\/#breadcrumb\",\"itemListElement\":[{\"@type\":\"ListItem\",\"position\":1,\"name\":\"Startseite\",\"item\":\"https:\/\/pioneers-wiki.com\/\"},{\"@type\":\"ListItem\",\"position\":2,\"name\":\"Impressum\"}]},{\"@type\":\"WebSite\",\"@id\":\"https:\/\/pioneers-wiki.com\/#website\",\"url\":\"https:\/\/pioneers-wiki.com\/\",\"name\":\"The Pioneer&#039;s Wiki\",\"description\":\"The Wiki for all Pioneers of Pagonia\",\"publisher\":{\"@id\":\"https:\/\/pioneers-wiki.com\/#organization\"},\"potentialAction\":[{\"@type\":\"SearchAction\",\"target\":{\"@type\":\"EntryPoint\",\"urlTemplate\":\"https:\/\/pioneers-wiki.com\/?s={search_term_string}\"},\"query-input\":\"required name=search_term_string\"}],\"inLanguage\":\"en-US\"},{\"@type\":\"Organization\",\"@id\":\"https:\/\/pioneers-wiki.com\/#organization\",\"name\":\"The Pioneer&#039;s Wiki\",\"url\":\"https:\/\/pioneers-wiki.com\/\",\"logo\":{\"@type\":\"ImageObject\",\"inLanguage\":\"en-US\",\"@id\":\"https:\/\/pioneers-wiki.com\/#\/schema\/logo\/image\/\",\"url\":\"https:\/\/pioneers-wiki.com\/wp-content\/uploads\/2023\/09\/the_pioneers_wiki_logo_001-scaled.webp\",\"contentUrl\":\"https:\/\/pioneers-wiki.com\/wp-content\/uploads\/2023\/09\/the_pioneers_wiki_logo_001-scaled.webp\",\"width\":2560,\"height\":655,\"caption\":\"The Pioneer&#039;s Wiki\"},\"image\":{\"@id\":\"https:\/\/pioneers-wiki.com\/#\/schema\/logo\/image\/\"}}]}<\/script>\n<!-- \/ Yoast SEO plugin. -->","yoast_head_json":{"title":"Impressum - The Pioneer&#039;s Wiki","robots":{"index":"index","follow":"follow","max-snippet":"max-snippet:-1","max-image-preview":"max-image-preview:large","max-video-preview":"max-video-preview:-1"},"canonical":"https:\/\/pioneers-wiki.com\/en\/impressum\/","og_locale":"en_US","og_type":"article","og_title":"Impressum - The Pioneer&#039;s Wiki","og_description":"Impressum Angaben gem\u00e4\u00df \u00a75 TMG Anna HeilandUntergr\u00fcnberg 1283730 Fischbachau Kontaktm\u00f6glichkeiten Telefon: in ArbeitTelefax: nicht vorhandenE&#8211;Mail: thepiwi-team[at]gmx.deKontaktformular: Kontakt Redaktionell verantwortlich Anna Heiland(Anschrift und Kontakt siehe oben) Onlinepr\u00e4senz Dieses Impressum gilt f\u00fcr folgende Onlinepr\u00e4senzenhttps:\/\/www.facebook.com\/dietroodehttps:\/\/www.facebook.com\/pioneerswiki Haftungs- Schutzrechthinweise Alle dargestellten Inhalte wie Texte, Fotografien, Grafiken, Videos, Tonaufnahmen sowie Marken und Warenzeichen auf dieser Webseite sind durch das jeweilige Urheber- [&hellip;]","og_url":"https:\/\/pioneers-wiki.com\/en\/impressum\/","og_site_name":"The Pioneer&#039;s Wiki","article_modified_time":"2023-10-03T22:04:23+00:00","twitter_card":"summary_large_image","twitter_misc":{"Est. reading time":"2 minutes"},"schema":{"@context":"https:\/\/schema.org","@graph":[{"@type":"WebPage","@id":"https:\/\/pioneers-wiki.com\/impressum\/","url":"https:\/\/pioneers-wiki.com\/impressum\/","name":"Impressum - The Pioneer&#039;s Wiki","isPartOf":{"@id":"https:\/\/pioneers-wiki.com\/#website"},"datePublished":"2023-09-30T05:56:19+00:00","dateModified":"2023-10-03T22:04:23+00:00","breadcrumb":{"@id":"https:\/\/pioneers-wiki.com\/impressum\/#breadcrumb"},"inLanguage":"en-US","potentialAction":[{"@type":"ReadAction","target":["https:\/\/pioneers-wiki.com\/impressum\/"]}]},{"@type":"BreadcrumbList","@id":"https:\/\/pioneers-wiki.com\/impressum\/#breadcrumb","itemListElement":[{"@type":"ListItem","position":1,"name":"Startseite","item":"https:\/\/pioneers-wiki.com\/"},{"@type":"ListItem","position":2,"name":"Impressum"}]},{"@type":"WebSite","@id":"https:\/\/pioneers-wiki.com\/#website","url":"https:\/\/pioneers-wiki.com\/","name":"The Pioneer&#039;s Wiki","description":"The Wiki for all Pioneers of Pagonia","publisher":{"@id":"https:\/\/pioneers-wiki.com\/#organization"},"potentialAction":[{"@type":"SearchAction","target":{"@type":"EntryPoint","urlTemplate":"https:\/\/pioneers-wiki.com\/?s={search_term_string}"},"query-input":"required name=search_term_string"}],"inLanguage":"en-US"},{"@type":"Organization","@id":"https:\/\/pioneers-wiki.com\/#organization","name":"The Pioneer&#039;s Wiki","url":"https:\/\/pioneers-wiki.com\/","logo":{"@type":"ImageObject","inLanguage":"en-US","@id":"https:\/\/pioneers-wiki.com\/#\/schema\/logo\/image\/","url":"https:\/\/pioneers-wiki.com\/wp-content\/uploads\/2023\/09\/the_pioneers_wiki_logo_001-scaled.webp","contentUrl":"https:\/\/pioneers-wiki.com\/wp-content\/uploads\/2023\/09\/the_pioneers_wiki_logo_001-scaled.webp","width":2560,"height":655,"caption":"The Pioneer&#039;s Wiki"},"image":{"@id":"https:\/\/pioneers-wiki.com\/#\/schema\/logo\/image\/"}}]}},"_links":{"self":[{"href":"https:\/\/pioneers-wiki.com\/en\/wp-json\/wp\/v2\/pages\/1015"}],"collection":[{"href":"https:\/\/pioneers-wiki.com\/en\/wp-json\/wp\/v2\/pages"}],"about":[{"href":"https:\/\/pioneers-wiki.com\/en\/wp-json\/wp\/v2\/types\/page"}],"author":[{"embeddable":true,"href":"https:\/\/pioneers-wiki.com\/en\/wp-json\/wp\/v2\/users\/1"}],"replies":[{"embeddable":true,"href":"https:\/\/pioneers-wiki.com\/en\/wp-json\/wp\/v2\/comments?post=1015"}],"version-history":[{"count":34,"href":"https:\/\/pioneers-wiki.com\/en\/wp-json\/wp\/v2\/pages\/1015\/revisions"}],"predecessor-version":[{"id":1763,"href":"https:\/\/pioneers-wiki.com\/en\/wp-json\/wp\/v2\/pages\/1015\/revisions\/1763"}],"wp:attachment":[{"href":"https:\/\/pioneers-wiki.com\/en\/wp-json\/wp\/v2\/media?parent=1015"}],"curies":[{"name":"wp","href":"https:\/\/api.w.org\/{rel}","templated":true}]}}