{"id":1647,"date":"2023-10-02T11:09:28","date_gmt":"2023-10-02T09:09:28","guid":{"rendered":"https:\/\/pioneers-wiki.com\/?page_id=1647"},"modified":"2023-10-09T13:30:11","modified_gmt":"2023-10-09T11:30:11","slug":"teamplayer","status":"publish","type":"page","link":"https:\/\/pioneers-wiki.com\/en\/teamplayer\/","title":{"rendered":"Teamplayer"},"content":{"rendered":"<div data-elementor-type=\"wp-page\" data-elementor-id=\"1647\" class=\"elementor elementor-1647\" data-elementor-post-type=\"page\">\n\t\t\t\t\t\t\t<div class=\"elementor-element elementor-element-2d030f4 e-flex e-con-boxed e-con e-parent\" data-id=\"2d030f4\" data-element_type=\"container\" data-settings=\"{&quot;shape_divider_top&quot;:&quot;waves&quot;,&quot;jet_parallax_layout_list&quot;:[],&quot;content_width&quot;:&quot;boxed&quot;}\" data-core-v316-plus=\"true\">\n\t\t\t\t\t<div class=\"e-con-inner\">\n\t\t\t\t<div class=\"elementor-shape elementor-shape-top\" data-negative=\"false\">\n\t\t\t<svg xmlns=\"http:\/\/www.w3.org\/2000\/svg\" viewbox=\"0 0 1000 100\" preserveaspectratio=\"none\">\n\t<path class=\"elementor-shape-fill\" d=\"M421.9,6.5c22.6-2.5,51.5,0.4,75.5,5.3c23.6,4.9,70.9,23.5,100.5,35.7c75.8,32.2,133.7,44.5,192.6,49.7\tc23.6,2.1,48.7,3.5,103.4-2.5c54.7-6,106.2-25.6,106.2-25.6V0H0v30.3c0,0,72,32.6,158.4,30.5c39.2-0.7,92.8-6.7,134-22.4\tc21.2-8.1,52.2-18.2,79.7-24.2C399.3,7.9,411.6,7.5,421.9,6.5z\"\/>\n<\/svg>\t\t<\/div>\n\t\t\t\t<div class=\"elementor-element elementor-element-f824f61 elementor-widget elementor-widget-heading\" data-id=\"f824f61\" data-element_type=\"widget\" data-widget_type=\"heading.default\">\n\t\t\t\t<div class=\"elementor-widget-container\">\n\t\t\t<style>\/*! elementor - v3.18.0 - 08-12-2023 *\/\n.elementor-heading-title{padding:0;margin:0;line-height:1}.elementor-widget-heading .elementor-heading-title[class*=elementor-size-]>a{color:inherit;font-size:inherit;line-height:inherit}.elementor-widget-heading .elementor-heading-title.elementor-size-small{font-size:15px}.elementor-widget-heading .elementor-heading-title.elementor-size-medium{font-size:19px}.elementor-widget-heading .elementor-heading-title.elementor-size-large{font-size:29px}.elementor-widget-heading .elementor-heading-title.elementor-size-xl{font-size:39px}.elementor-widget-heading .elementor-heading-title.elementor-size-xxl{font-size:59px}<\/style><h3 class=\"elementor-heading-title elementor-size-default\">Join in<\/h3>\t\t<\/div>\n\t\t\t\t<\/div>\n\t\t\t\t\t<\/div>\n\t\t\t\t<\/div>\n\t\t<div class=\"elementor-element elementor-element-afd3d77 e-flex e-con-boxed e-con e-parent\" data-id=\"afd3d77\" data-element_type=\"container\" data-settings=\"{&quot;jet_parallax_layout_list&quot;:[],&quot;shape_divider_bottom&quot;:&quot;waves&quot;,&quot;content_width&quot;:&quot;boxed&quot;}\" data-core-v316-plus=\"true\">\n\t\t\t\t\t<div class=\"e-con-inner\">\n\t\t\t\t<div class=\"elementor-shape elementor-shape-bottom\" data-negative=\"false\">\n\t\t\t<svg xmlns=\"http:\/\/www.w3.org\/2000\/svg\" viewbox=\"0 0 1000 100\" preserveaspectratio=\"none\">\n\t<path class=\"elementor-shape-fill\" d=\"M421.9,6.5c22.6-2.5,51.5,0.4,75.5,5.3c23.6,4.9,70.9,23.5,100.5,35.7c75.8,32.2,133.7,44.5,192.6,49.7\tc23.6,2.1,48.7,3.5,103.4-2.5c54.7-6,106.2-25.6,106.2-25.6V0H0v30.3c0,0,72,32.6,158.4,30.5c39.2-0.7,92.8-6.7,134-22.4\tc21.2-8.1,52.2-18.2,79.7-24.2C399.3,7.9,411.6,7.5,421.9,6.5z\"\/>\n<\/svg>\t\t<\/div>\n\t\t\t\t<div class=\"elementor-element elementor-element-69631f6 elementor-widget elementor-widget-text-editor\" data-id=\"69631f6\" data-element_type=\"widget\" data-widget_type=\"text-editor.default\">\n\t\t\t\t<div class=\"elementor-widget-container\">\n\t\t\t<style>\/*! elementor - v3.18.0 - 08-12-2023 *\/\n.elementor-widget-text-editor.elementor-drop-cap-view-stacked .elementor-drop-cap{background-color:#69727d;color:#fff}.elementor-widget-text-editor.elementor-drop-cap-view-framed .elementor-drop-cap{color:#69727d;border:3px solid;background-color:transparent}.elementor-widget-text-editor:not(.elementor-drop-cap-view-default) .elementor-drop-cap{margin-top:8px}.elementor-widget-text-editor:not(.elementor-drop-cap-view-default) .elementor-drop-cap-letter{width:1em;height:1em}.elementor-widget-text-editor .elementor-drop-cap{float:left;text-align:center;line-height:1;font-size:50px}.elementor-widget-text-editor .elementor-drop-cap-letter{display:inline-block}<\/style>\t\t\t\t<p>Become part of the Wiki team<\/p>\t\t\t\t\t\t<\/div>\n\t\t\t\t<\/div>\n\t\t\t\t\t<\/div>\n\t\t\t\t<\/div>\n\t\t<div class=\"elementor-element elementor-element-91aa264 e-flex e-con-boxed e-con e-parent\" data-id=\"91aa264\" data-element_type=\"container\" data-settings=\"{&quot;jet_parallax_layout_list&quot;:[],&quot;background_background&quot;:&quot;classic&quot;,&quot;content_width&quot;:&quot;boxed&quot;}\" data-core-v316-plus=\"true\">\n\t\t\t\t\t<div class=\"e-con-inner\">\n\t\t\t\t<div class=\"elementor-element elementor-element-6fe5924 elementor-widget elementor-widget-text-editor\" data-id=\"6fe5924\" data-element_type=\"widget\" data-widget_type=\"text-editor.default\">\n\t\t\t\t<div class=\"elementor-widget-container\">\n\t\t\t\t\t\t\t<p>At The Pioneer's Wiki, we are looking for team players.<\/p><p>Help us to build the site and fill it with content for our users. You will get a briefing from us and also appropriate access rights. Since you will get in the course of this unpaid activity also to information, which is subject to secrecy, the following points are a prerequisite.<\/p><p>\u00a0<\/p><ol><li>Signing an NDA (non-disclosure agreement)<\/li><li>At least 18 years old<\/li><li>Fluent in written and spoken English<\/li><li>Flawless German<\/li><li>Knowledge in the use of CMS<\/li><\/ol><p>\u00a0<\/p><p>If you are interested, contact us via the <a href=\"https:\/\/discord.gg\/eR6x3tMtPW\">Pioneers of Pagonia Discord Server<\/a> and contact \"DieTroode\" there.<\/p>\t\t\t\t\t\t<\/div>\n\t\t\t\t<\/div>\n\t\t\t\t\t<\/div>\n\t\t\t\t<\/div>\n\t\t<div class=\"elementor-element elementor-element-d8e46f5 e-flex e-con-boxed e-con e-parent\" data-id=\"d8e46f5\" data-element_type=\"container\" data-settings=\"{&quot;shape_divider_top&quot;:&quot;waves&quot;,&quot;jet_parallax_layout_list&quot;:[],&quot;content_width&quot;:&quot;boxed&quot;}\" data-core-v316-plus=\"true\">\n\t\t\t\t\t<div class=\"e-con-inner\">\n\t\t\t\t<div class=\"elementor-shape elementor-shape-top\" data-negative=\"false\">\n\t\t\t<svg xmlns=\"http:\/\/www.w3.org\/2000\/svg\" viewbox=\"0 0 1000 100\" preserveaspectratio=\"none\">\n\t<path class=\"elementor-shape-fill\" d=\"M421.9,6.5c22.6-2.5,51.5,0.4,75.5,5.3c23.6,4.9,70.9,23.5,100.5,35.7c75.8,32.2,133.7,44.5,192.6,49.7\tc23.6,2.1,48.7,3.5,103.4-2.5c54.7-6,106.2-25.6,106.2-25.6V0H0v30.3c0,0,72,32.6,158.4,30.5c39.2-0.7,92.8-6.7,134-22.4\tc21.2-8.1,52.2-18.2,79.7-24.2C399.3,7.9,411.6,7.5,421.9,6.5z\"\/>\n<\/svg>\t\t<\/div>\n\t\t\t\t\t<\/div>\n\t\t\t\t<\/div>\n\t\t\t\t\t\t\t<\/div>","protected":false},"excerpt":{"rendered":"<p>Mach mit Werde Teil des Wiki-Teams Bei The Pioneer&#8217;s Wiki suchen wir nach Teamplayern. Hilf uns, die Seite aufzubauen und f\u00fcr unsere User mit Content zu f\u00fcllen. Du bekommst von uns eine Einweisung und auch entsprechende Zugriffsrechte. Da Du im Zuge dieser unbezahlten T\u00e4tigkeit auch an Informationen kommen wirst, die der Geheimhaltung unterliegen, sind folgende [&hellip;]<\/p>","protected":false},"author":1,"featured_media":0,"parent":0,"menu_order":0,"comment_status":"closed","ping_status":"closed","template":"","meta":{"footnotes":""},"yoast_head":"<!-- This site is optimized with the Yoast SEO plugin v21.7 - https:\/\/yoast.com\/wordpress\/plugins\/seo\/ -->\n<title>Teamplayer - The Pioneer&#039;s Wiki<\/title>\n<meta name=\"robots\" content=\"index, follow, max-snippet:-1, max-image-preview:large, max-video-preview:-1\" \/>\n<link rel=\"canonical\" href=\"https:\/\/pioneers-wiki.com\/en\/teamplayer\/\" \/>\n<meta property=\"og:locale\" content=\"en_US\" \/>\n<meta property=\"og:type\" content=\"article\" \/>\n<meta property=\"og:title\" content=\"Teamplayer - The Pioneer&#039;s Wiki\" \/>\n<meta property=\"og:description\" content=\"Mach mit Werde Teil des Wiki-Teams Bei The Pioneer&#8217;s Wiki suchen wir nach Teamplayern. Hilf uns, die Seite aufzubauen und f\u00fcr unsere User mit Content zu f\u00fcllen. Du bekommst von uns eine Einweisung und auch entsprechende Zugriffsrechte. Da Du im Zuge dieser unbezahlten T\u00e4tigkeit auch an Informationen kommen wirst, die der Geheimhaltung unterliegen, sind folgende [&hellip;]\" \/>\n<meta property=\"og:url\" content=\"https:\/\/pioneers-wiki.com\/en\/teamplayer\/\" \/>\n<meta property=\"og:site_name\" content=\"The Pioneer&#039;s Wiki\" \/>\n<meta property=\"article:modified_time\" content=\"2023-10-09T11:30:11+00:00\" \/>\n<meta name=\"twitter:card\" content=\"summary_large_image\" \/>\n<meta name=\"twitter:label1\" content=\"Est. reading time\" \/>\n\t<meta name=\"twitter:data1\" content=\"1 minute\" \/>\n<script type=\"application\/ld+json\" class=\"yoast-schema-graph\">{\"@context\":\"https:\/\/schema.org\",\"@graph\":[{\"@type\":\"WebPage\",\"@id\":\"https:\/\/pioneers-wiki.com\/teamplayer\/\",\"url\":\"https:\/\/pioneers-wiki.com\/teamplayer\/\",\"name\":\"Teamplayer - The Pioneer&#039;s Wiki\",\"isPartOf\":{\"@id\":\"https:\/\/pioneers-wiki.com\/#website\"},\"datePublished\":\"2023-10-02T09:09:28+00:00\",\"dateModified\":\"2023-10-09T11:30:11+00:00\",\"breadcrumb\":{\"@id\":\"https:\/\/pioneers-wiki.com\/teamplayer\/#breadcrumb\"},\"inLanguage\":\"en-US\",\"potentialAction\":[{\"@type\":\"ReadAction\",\"target\":[\"https:\/\/pioneers-wiki.com\/teamplayer\/\"]}]},{\"@type\":\"BreadcrumbList\",\"@id\":\"https:\/\/pioneers-wiki.com\/teamplayer\/#breadcrumb\",\"itemListElement\":[{\"@type\":\"ListItem\",\"position\":1,\"name\":\"Startseite\",\"item\":\"https:\/\/pioneers-wiki.com\/\"},{\"@type\":\"ListItem\",\"position\":2,\"name\":\"Teamplayer\"}]},{\"@type\":\"WebSite\",\"@id\":\"https:\/\/pioneers-wiki.com\/#website\",\"url\":\"https:\/\/pioneers-wiki.com\/\",\"name\":\"The Pioneer&#039;s Wiki\",\"description\":\"The Wiki for all Pioneers of Pagonia\",\"publisher\":{\"@id\":\"https:\/\/pioneers-wiki.com\/#organization\"},\"potentialAction\":[{\"@type\":\"SearchAction\",\"target\":{\"@type\":\"EntryPoint\",\"urlTemplate\":\"https:\/\/pioneers-wiki.com\/?s={search_term_string}\"},\"query-input\":\"required name=search_term_string\"}],\"inLanguage\":\"en-US\"},{\"@type\":\"Organization\",\"@id\":\"https:\/\/pioneers-wiki.com\/#organization\",\"name\":\"The Pioneer&#039;s Wiki\",\"url\":\"https:\/\/pioneers-wiki.com\/\",\"logo\":{\"@type\":\"ImageObject\",\"inLanguage\":\"en-US\",\"@id\":\"https:\/\/pioneers-wiki.com\/#\/schema\/logo\/image\/\",\"url\":\"https:\/\/pioneers-wiki.com\/wp-content\/uploads\/2023\/09\/the_pioneers_wiki_logo_001-scaled.webp\",\"contentUrl\":\"https:\/\/pioneers-wiki.com\/wp-content\/uploads\/2023\/09\/the_pioneers_wiki_logo_001-scaled.webp\",\"width\":2560,\"height\":655,\"caption\":\"The Pioneer&#039;s Wiki\"},\"image\":{\"@id\":\"https:\/\/pioneers-wiki.com\/#\/schema\/logo\/image\/\"}}]}<\/script>\n<!-- \/ Yoast SEO plugin. -->","yoast_head_json":{"title":"Teamplayer - The Pioneer&#039;s Wiki","robots":{"index":"index","follow":"follow","max-snippet":"max-snippet:-1","max-image-preview":"max-image-preview:large","max-video-preview":"max-video-preview:-1"},"canonical":"https:\/\/pioneers-wiki.com\/en\/teamplayer\/","og_locale":"en_US","og_type":"article","og_title":"Teamplayer - The Pioneer&#039;s Wiki","og_description":"Mach mit Werde Teil des Wiki-Teams Bei The Pioneer&#8217;s Wiki suchen wir nach Teamplayern. Hilf uns, die Seite aufzubauen und f\u00fcr unsere User mit Content zu f\u00fcllen. Du bekommst von uns eine Einweisung und auch entsprechende Zugriffsrechte. Da Du im Zuge dieser unbezahlten T\u00e4tigkeit auch an Informationen kommen wirst, die der Geheimhaltung unterliegen, sind folgende [&hellip;]","og_url":"https:\/\/pioneers-wiki.com\/en\/teamplayer\/","og_site_name":"The Pioneer&#039;s Wiki","article_modified_time":"2023-10-09T11:30:11+00:00","twitter_card":"summary_large_image","twitter_misc":{"Est. reading time":"1 minute"},"schema":{"@context":"https:\/\/schema.org","@graph":[{"@type":"WebPage","@id":"https:\/\/pioneers-wiki.com\/teamplayer\/","url":"https:\/\/pioneers-wiki.com\/teamplayer\/","name":"Teamplayer - The Pioneer&#039;s Wiki","isPartOf":{"@id":"https:\/\/pioneers-wiki.com\/#website"},"datePublished":"2023-10-02T09:09:28+00:00","dateModified":"2023-10-09T11:30:11+00:00","breadcrumb":{"@id":"https:\/\/pioneers-wiki.com\/teamplayer\/#breadcrumb"},"inLanguage":"en-US","potentialAction":[{"@type":"ReadAction","target":["https:\/\/pioneers-wiki.com\/teamplayer\/"]}]},{"@type":"BreadcrumbList","@id":"https:\/\/pioneers-wiki.com\/teamplayer\/#breadcrumb","itemListElement":[{"@type":"ListItem","position":1,"name":"Startseite","item":"https:\/\/pioneers-wiki.com\/"},{"@type":"ListItem","position":2,"name":"Teamplayer"}]},{"@type":"WebSite","@id":"https:\/\/pioneers-wiki.com\/#website","url":"https:\/\/pioneers-wiki.com\/","name":"The Pioneer&#039;s Wiki","description":"The Wiki for all Pioneers of Pagonia","publisher":{"@id":"https:\/\/pioneers-wiki.com\/#organization"},"potentialAction":[{"@type":"SearchAction","target":{"@type":"EntryPoint","urlTemplate":"https:\/\/pioneers-wiki.com\/?s={search_term_string}"},"query-input":"required name=search_term_string"}],"inLanguage":"en-US"},{"@type":"Organization","@id":"https:\/\/pioneers-wiki.com\/#organization","name":"The Pioneer&#039;s Wiki","url":"https:\/\/pioneers-wiki.com\/","logo":{"@type":"ImageObject","inLanguage":"en-US","@id":"https:\/\/pioneers-wiki.com\/#\/schema\/logo\/image\/","url":"https:\/\/pioneers-wiki.com\/wp-content\/uploads\/2023\/09\/the_pioneers_wiki_logo_001-scaled.webp","contentUrl":"https:\/\/pioneers-wiki.com\/wp-content\/uploads\/2023\/09\/the_pioneers_wiki_logo_001-scaled.webp","width":2560,"height":655,"caption":"The Pioneer&#039;s Wiki"},"image":{"@id":"https:\/\/pioneers-wiki.com\/#\/schema\/logo\/image\/"}}]}},"_links":{"self":[{"href":"https:\/\/pioneers-wiki.com\/en\/wp-json\/wp\/v2\/pages\/1647"}],"collection":[{"href":"https:\/\/pioneers-wiki.com\/en\/wp-json\/wp\/v2\/pages"}],"about":[{"href":"https:\/\/pioneers-wiki.com\/en\/wp-json\/wp\/v2\/types\/page"}],"author":[{"embeddable":true,"href":"https:\/\/pioneers-wiki.com\/en\/wp-json\/wp\/v2\/users\/1"}],"replies":[{"embeddable":true,"href":"https:\/\/pioneers-wiki.com\/en\/wp-json\/wp\/v2\/comments?post=1647"}],"version-history":[{"count":19,"href":"https:\/\/pioneers-wiki.com\/en\/wp-json\/wp\/v2\/pages\/1647\/revisions"}],"predecessor-version":[{"id":2010,"href":"https:\/\/pioneers-wiki.com\/en\/wp-json\/wp\/v2\/pages\/1647\/revisions\/2010"}],"wp:attachment":[{"href":"https:\/\/pioneers-wiki.com\/en\/wp-json\/wp\/v2\/media?parent=1647"}],"curies":[{"name":"wp","href":"https:\/\/api.w.org\/{rel}","templated":true}]}}